{"id":163,"date":"2011-04-04T14:50:09","date_gmt":"2011-04-04T14:50:09","guid":{"rendered":"https:\/\/www.serautonomo.net\/argentina\/?page_id=163"},"modified":"2011-04-06T10:42:24","modified_gmt":"2011-04-06T10:42:24","slug":"responsable-inscripto","status":"publish","type":"page","link":"https:\/\/www.serautonomo.net\/argentina\/responsable-inscripto","title":{"rendered":"Responsable Inscripto"},"content":{"rendered":"<p><a href=\"https:\/\/www.serautonomo.net\/argentina\/files\/2011\/04\/responsable-inscripto.jpg\"><img decoding=\"async\" loading=\"lazy\" class=\"alignright size-full wp-image-167\" title=\"responsable inscripto\" src=\"https:\/\/www.serautonomo.net\/argentina\/files\/2011\/04\/responsable-inscripto.jpg\" alt=\"regimen general\" width=\"225\" height=\"150\" \/><\/a>Cuando nos decidimos a emprender un negocio por nuestra cuenta, la primera duda que surge es si darnos de alta como <strong>Responsable Inscripto <\/strong>o como <strong>Monotributista.<\/strong> A continuaci\u00f3n, informaci\u00f3n sobre el primer caso, es decir, inscribirnos en el <strong>R\u00e9gimen General<\/strong>.<\/p>\n<ul>\n<li><strong><\/strong><strong><a title=\"R\u00e9gimen General (Responsable Inscripto)\" href=\"https:\/\/www.serautonomo.net\/argentina\/regimen-general-responsable-inscripto.html\" target=\"_blank\">R\u00e9gimen General (Responsable Inscripto)<\/a><\/strong><\/li>\n<li><strong><\/strong><strong><a title=\"Ventajas de ser Responsable Inscripto\" href=\"https:\/\/www.serautonomo.net\/argentina\/ventajas-de-ser-responsable-inscripto.html\" target=\"_blank\">Ven<\/a><a title=\"Ventajas de ser Responsable Inscripto\" href=\"https:\/\/www.serautonomo.net\/argentina\/ventajas-de-ser-responsable-inscripto.html\" target=\"_blank\">tajas de ser Responsable Inscripto<\/a><\/strong><\/li>\n<li><strong><a title=\"Desventajas de ser Responsable Inscripto\" href=\"https:\/\/www.serautonomo.net\/argentina\/desventajas-de-ser-responsable-inscripto.html\" target=\"_blank\">Desventajas de ser Responsable Inscripto<\/a><\/strong><\/li>\n<li><strong><a title=\"\u00bfC\u00f3mo me inscribo como aut\u00f3nomo en Argentina?\" href=\"https:\/\/www.serautonomo.net\/argentina\/como-me-inscribo-como-autonomo-en-argentina.html\">\u00bfC\u00f3mo me inscribo?<\/a><\/strong><\/li>\n<li><strong><a title=\"Tipos de factura (A, B, y C)\" href=\"https:\/\/www.serautonomo.net\/argentina\/tipos-de-factura-a-b-y-c.html\">\u00bfQu\u00e9 tipo de factura tengo que emitir?<\/a><\/strong><\/li>\n<li><strong><a title=\"Categorizaci\u00f3n si se realiza m\u00e1s de una actividad aut\u00f3noma\" href=\"https:\/\/www.serautonomo.net\/argentina\/categorizacion-si-se-realiza-mas-de-una-actividad-autonoma.html\">Categorizaci\u00f3n si se realiza m\u00e1s de una actividad aut\u00f3noma<\/a><\/strong><\/li>\n<\/ul>\n","protected":false},"excerpt":{"rendered":"<p>Cuando nos decidimos a emprender un negocio por nuestra cuenta, la primera duda que surge es si darnos de alta como Responsable Inscripto o como Monotributista. A continuaci\u00f3n, informaci\u00f3n sobre el primer caso, es decir, inscribirnos en el R\u00e9gimen General. R\u00e9gimen General (Responsable Inscripto) Ventajas de ser Responsable Inscripto Desventajas de ser Responsable Inscripto \u00bfC\u00f3mo [&hellip;]<\/p>\n","protected":false},"author":5,"featured_media":0,"parent":0,"menu_order":0,"comment_status":"open","ping_status":"open","template":"","meta":[],"acf":[],"aioseo_notices":[],"_links":{"self":[{"href":"https:\/\/www.serautonomo.net\/argentina\/wp-json\/wp\/v2\/pages\/163"}],"collection":[{"href":"https:\/\/www.serautonomo.net\/argentina\/wp-json\/wp\/v2\/pages"}],"about":[{"href":"https:\/\/www.serautonomo.net\/argentina\/wp-json\/wp\/v2\/types\/page"}],"author":[{"embeddable":true,"href":"https:\/\/www.serautonomo.net\/argentina\/wp-json\/wp\/v2\/users\/5"}],"replies":[{"embeddable":true,"href":"https:\/\/www.serautonomo.net\/argentina\/wp-json\/wp\/v2\/comments?post=163"}],"version-history":[{"count":6,"href":"https:\/\/www.serautonomo.net\/argentina\/wp-json\/wp\/v2\/pages\/163\/revisions"}],"predecessor-version":[{"id":242,"href":"https:\/\/www.serautonomo.net\/argentina\/wp-json\/wp\/v2\/pages\/163\/revisions\/242"}],"wp:attachment":[{"href":"https:\/\/www.serautonomo.net\/argentina\/wp-json\/wp\/v2\/media?parent=163"}],"curies":[{"name":"wp","href":"https:\/\/api.w.org\/{rel}","templated":true}]}}